{"id":15983,"date":"2026-05-15T00:04:19","date_gmt":"2026-05-14T22:04:19","guid":{"rendered":"https:\/\/sicomaq.com.ec\/?product=codificador-inkjet-industrial-trusted-packing-solutions"},"modified":"2026-05-15T00:04:19","modified_gmt":"2026-05-14T22:04:19","slug":"codificador-inkjet-industrial-trusted-packing-solutions","status":"publish","type":"product","link":"https:\/\/sicomaq.com.ec\/?product=codificador-inkjet-industrial-trusted-packing-solutions","title":{"rendered":"Codificador inkjet industrial Trusted Packing Solutions"},"content":{"rendered":"<p>Soluci\u00f3n orientada a codificaci\u00f3n de fecha, lote, hora y datos variables en procesos productivos. Se incorpora como l\u00ednea de codificaci\u00f3n dentro del cat\u00e1logo inicial para la marca Inkjet Trusted Packing Solutions, enfocada a ambientes de empaque y producci\u00f3n industrial.<\/p>\n","protected":false},"excerpt":{"rendered":"<p>Sistema inkjet para codificaci\u00f3n variable en procesos de empaque y producci\u00f3n.<\/p>\n","protected":false},"featured_media":0,"comment_status":"open","ping_status":"closed","template":"","meta":[],"product_brand":[],"product_cat":[103],"product_tag":[102,90,104],"class_list":{"0":"post-15983","1":"product","2":"type-product","3":"status-publish","5":"product_cat-inkjet-trusted-packing-solutions","6":"product_tag-codificacion","7":"product_tag-inkjet","8":"product_tag-trusted-packing-solutions","10":"first","11":"instock","12":"shipping-taxable","13":"product-type-simple"},"_links":{"self":[{"href":"https:\/\/sicomaq.com.ec\/index.php?rest_route=\/wp\/v2\/product\/15983","targetHints":{"allow":["GET"]}}],"collection":[{"href":"https:\/\/sicomaq.com.ec\/index.php?rest_route=\/wp\/v2\/product"}],"about":[{"href":"https:\/\/sicomaq.com.ec\/index.php?rest_route=\/wp\/v2\/types\/product"}],"replies":[{"embeddable":true,"href":"https:\/\/sicomaq.com.ec\/index.php?rest_route=%2Fwp%2Fv2%2Fcomments&post=15983"}],"version-history":[{"count":0,"href":"https:\/\/sicomaq.com.ec\/index.php?rest_route=\/wp\/v2\/product\/15983\/revisions"}],"wp:attachment":[{"href":"https:\/\/sicomaq.com.ec\/index.php?rest_route=%2Fwp%2Fv2%2Fmedia&parent=15983"}],"wp:term":[{"taxonomy":"product_brand","embeddable":true,"href":"https:\/\/sicomaq.com.ec\/index.php?rest_route=%2Fwp%2Fv2%2Fproduct_brand&post=15983"},{"taxonomy":"product_cat","embeddable":true,"href":"https:\/\/sicomaq.com.ec\/index.php?rest_route=%2Fwp%2Fv2%2Fproduct_cat&post=15983"},{"taxonomy":"product_tag","embeddable":true,"href":"https:\/\/sicomaq.com.ec\/index.php?rest_route=%2Fwp%2Fv2%2Fproduct_tag&post=15983"}],"curies":[{"name":"wp","href":"https:\/\/api.w.org\/{rel}","templated":true}]}}