{"id":15989,"date":"2026-05-15T00:04:31","date_gmt":"2026-05-14T22:04:31","guid":{"rendered":"https:\/\/sicomaq.com.ec\/?product=selladora-industrial-menopac"},"modified":"2026-05-15T00:04:31","modified_gmt":"2026-05-14T22:04:31","slug":"selladora-industrial-menopac","status":"publish","type":"product","link":"https:\/\/sicomaq.com.ec\/?product=selladora-industrial-menopac","title":{"rendered":"Selladora industrial Menopac"},"content":{"rendered":"<p>Soluci\u00f3n de sellado orientada a procesos de empaque industrial. Se incorpora como producto base de la marca Menopac para construir la categor\u00eda de l\u00edneas de producci\u00f3n, enfocada en cierre, protecci\u00f3n y presentaci\u00f3n del producto.<\/p>\n","protected":false},"excerpt":{"rendered":"<p>Equipo de sellado para empaque industrial y cierre de productos.<\/p>\n","protected":false},"featured_media":0,"comment_status":"open","ping_status":"closed","template":"","meta":[],"product_brand":[],"product_cat":[122],"product_tag":[125,123,124],"class_list":{"0":"post-15989","1":"product","2":"type-product","3":"status-publish","5":"product_cat-menopac","6":"product_tag-empaque","7":"product_tag-menopac","8":"product_tag-selladora","10":"first","11":"instock","12":"shipping-taxable","13":"product-type-simple"},"_links":{"self":[{"href":"https:\/\/sicomaq.com.ec\/index.php?rest_route=\/wp\/v2\/product\/15989","targetHints":{"allow":["GET"]}}],"collection":[{"href":"https:\/\/sicomaq.com.ec\/index.php?rest_route=\/wp\/v2\/product"}],"about":[{"href":"https:\/\/sicomaq.com.ec\/index.php?rest_route=\/wp\/v2\/types\/product"}],"replies":[{"embeddable":true,"href":"https:\/\/sicomaq.com.ec\/index.php?rest_route=%2Fwp%2Fv2%2Fcomments&post=15989"}],"version-history":[{"count":0,"href":"https:\/\/sicomaq.com.ec\/index.php?rest_route=\/wp\/v2\/product\/15989\/revisions"}],"wp:attachment":[{"href":"https:\/\/sicomaq.com.ec\/index.php?rest_route=%2Fwp%2Fv2%2Fmedia&parent=15989"}],"wp:term":[{"taxonomy":"product_brand","embeddable":true,"href":"https:\/\/sicomaq.com.ec\/index.php?rest_route=%2Fwp%2Fv2%2Fproduct_brand&post=15989"},{"taxonomy":"product_cat","embeddable":true,"href":"https:\/\/sicomaq.com.ec\/index.php?rest_route=%2Fwp%2Fv2%2Fproduct_cat&post=15989"},{"taxonomy":"product_tag","embeddable":true,"href":"https:\/\/sicomaq.com.ec\/index.php?rest_route=%2Fwp%2Fv2%2Fproduct_tag&post=15989"}],"curies":[{"name":"wp","href":"https:\/\/api.w.org\/{rel}","templated":true}]}}