{"id":15991,"date":"2026-05-15T00:04:38","date_gmt":"2026-05-14T22:04:38","guid":{"rendered":"https:\/\/sicomaq.com.ec\/?product=empacadora-industrial-willpac"},"modified":"2026-05-15T00:04:38","modified_gmt":"2026-05-14T22:04:38","slug":"empacadora-industrial-willpac","status":"publish","type":"product","link":"https:\/\/sicomaq.com.ec\/?product=empacadora-industrial-willpac","title":{"rendered":"Empacadora industrial Willpac"},"content":{"rendered":"<p>Soluci\u00f3n para estructurar la l\u00ednea de empaque industrial de la marca Willpac dentro del cat\u00e1logo web. Enfocada en automatizaci\u00f3n de empaque, acondicionamiento y soporte operativo en entornos productivos.<\/p>\n","protected":false},"excerpt":{"rendered":"<p>Equipo para procesos autom\u00e1ticos de empaque y acondicionamiento final.<\/p>\n","protected":false},"featured_media":0,"comment_status":"open","ping_status":"closed","template":"","meta":[],"product_brand":[],"product_cat":[127],"product_tag":[129,130,128],"class_list":{"0":"post-15991","1":"product","2":"type-product","3":"status-publish","5":"product_cat-willpac","6":"product_tag-empacadora","7":"product_tag-linea-de-produccion","8":"product_tag-willpac","10":"first","11":"instock","12":"shipping-taxable","13":"product-type-simple"},"_links":{"self":[{"href":"https:\/\/sicomaq.com.ec\/index.php?rest_route=\/wp\/v2\/product\/15991","targetHints":{"allow":["GET"]}}],"collection":[{"href":"https:\/\/sicomaq.com.ec\/index.php?rest_route=\/wp\/v2\/product"}],"about":[{"href":"https:\/\/sicomaq.com.ec\/index.php?rest_route=\/wp\/v2\/types\/product"}],"replies":[{"embeddable":true,"href":"https:\/\/sicomaq.com.ec\/index.php?rest_route=%2Fwp%2Fv2%2Fcomments&post=15991"}],"version-history":[{"count":0,"href":"https:\/\/sicomaq.com.ec\/index.php?rest_route=\/wp\/v2\/product\/15991\/revisions"}],"wp:attachment":[{"href":"https:\/\/sicomaq.com.ec\/index.php?rest_route=%2Fwp%2Fv2%2Fmedia&parent=15991"}],"wp:term":[{"taxonomy":"product_brand","embeddable":true,"href":"https:\/\/sicomaq.com.ec\/index.php?rest_route=%2Fwp%2Fv2%2Fproduct_brand&post=15991"},{"taxonomy":"product_cat","embeddable":true,"href":"https:\/\/sicomaq.com.ec\/index.php?rest_route=%2Fwp%2Fv2%2Fproduct_cat&post=15991"},{"taxonomy":"product_tag","embeddable":true,"href":"https:\/\/sicomaq.com.ec\/index.php?rest_route=%2Fwp%2Fv2%2Fproduct_tag&post=15991"}],"curies":[{"name":"wp","href":"https:\/\/api.w.org\/{rel}","templated":true}]}}