{"id":16030,"date":"2026-05-15T00:05:43","date_gmt":"2026-05-14T22:05:43","guid":{"rendered":"https:\/\/sicomaq.com.ec\/?product=sistema-de-tratamiento-de-agua-tecnalis"},"modified":"2026-05-15T00:05:43","modified_gmt":"2026-05-14T22:05:43","slug":"sistema-de-tratamiento-de-agua-tecnalis","status":"publish","type":"product","link":"https:\/\/sicomaq.com.ec\/?product=sistema-de-tratamiento-de-agua-tecnalis","title":{"rendered":"Sistema de tratamiento de agua Tecnalis"},"content":{"rendered":"<p>Tecnalis menciona tecnolog\u00edas avanzadas para water treatment dentro de sus l\u00edneas de bebidas. Este producto es clave para proyectos de llenado y embotellado donde la calidad del agua es cr\u00edtica. Fuente: Tecnalis bottling lines.<\/p>\n","protected":false},"excerpt":{"rendered":"<p>Soluci\u00f3n para preparaci\u00f3n y acondicionamiento en procesos de bebidas.<\/p>\n","protected":false},"featured_media":0,"comment_status":"open","ping_status":"closed","template":"","meta":[],"product_brand":[],"product_cat":[189],"product_tag":[101,194],"class_list":{"0":"post-16030","1":"product","2":"type-product","3":"status-publish","5":"product_cat-tecnalis-lineas-de-produccion","6":"product_tag-tecnalis","7":"product_tag-tratamiento-de-agua","9":"first","10":"instock","11":"shipping-taxable","12":"product-type-simple"},"_links":{"self":[{"href":"https:\/\/sicomaq.com.ec\/index.php?rest_route=\/wp\/v2\/product\/16030","targetHints":{"allow":["GET"]}}],"collection":[{"href":"https:\/\/sicomaq.com.ec\/index.php?rest_route=\/wp\/v2\/product"}],"about":[{"href":"https:\/\/sicomaq.com.ec\/index.php?rest_route=\/wp\/v2\/types\/product"}],"replies":[{"embeddable":true,"href":"https:\/\/sicomaq.com.ec\/index.php?rest_route=%2Fwp%2Fv2%2Fcomments&post=16030"}],"version-history":[{"count":0,"href":"https:\/\/sicomaq.com.ec\/index.php?rest_route=\/wp\/v2\/product\/16030\/revisions"}],"wp:attachment":[{"href":"https:\/\/sicomaq.com.ec\/index.php?rest_route=%2Fwp%2Fv2%2Fmedia&parent=16030"}],"wp:term":[{"taxonomy":"product_brand","embeddable":true,"href":"https:\/\/sicomaq.com.ec\/index.php?rest_route=%2Fwp%2Fv2%2Fproduct_brand&post=16030"},{"taxonomy":"product_cat","embeddable":true,"href":"https:\/\/sicomaq.com.ec\/index.php?rest_route=%2Fwp%2Fv2%2Fproduct_cat&post=16030"},{"taxonomy":"product_tag","embeddable":true,"href":"https:\/\/sicomaq.com.ec\/index.php?rest_route=%2Fwp%2Fv2%2Fproduct_tag&post=16030"}],"curies":[{"name":"wp","href":"https:\/\/api.w.org\/{rel}","templated":true}]}}