{"id":16031,"date":"2026-05-15T00:05:43","date_gmt":"2026-05-14T22:05:43","guid":{"rendered":"https:\/\/sicomaq.com.ec\/?product=pasteurizador-industrial-tecnalis"},"modified":"2026-05-15T00:05:43","modified_gmt":"2026-05-14T22:05:43","slug":"pasteurizador-industrial-tecnalis","status":"publish","type":"product","link":"https:\/\/sicomaq.com.ec\/?product=pasteurizador-industrial-tecnalis","title":{"rendered":"Pasteurizador industrial Tecnalis"},"content":{"rendered":"<p>Tecnalis reporta pasteurisers dentro de su oferta para l\u00edneas de procesamiento y llenado. Producto \u00fatil para estructurar cat\u00e1logo t\u00e9cnico dirigido a industria alimentaria y bebidas. Fuente: Tecnalis bottling lines.<\/p>\n","protected":false},"excerpt":{"rendered":"<p>Equipo de proceso para l\u00edneas de bebidas y alimentos.<\/p>\n","protected":false},"featured_media":0,"comment_status":"open","ping_status":"closed","template":"","meta":[],"product_brand":[],"product_cat":[189],"product_tag":[192,195,101],"class_list":{"0":"post-16031","1":"product","2":"type-product","3":"status-publish","5":"product_cat-tecnalis-lineas-de-produccion","6":"product_tag-bebidas","7":"product_tag-pasteurizador","8":"product_tag-tecnalis","10":"first","11":"instock","12":"shipping-taxable","13":"product-type-simple"},"_links":{"self":[{"href":"https:\/\/sicomaq.com.ec\/index.php?rest_route=\/wp\/v2\/product\/16031","targetHints":{"allow":["GET"]}}],"collection":[{"href":"https:\/\/sicomaq.com.ec\/index.php?rest_route=\/wp\/v2\/product"}],"about":[{"href":"https:\/\/sicomaq.com.ec\/index.php?rest_route=\/wp\/v2\/types\/product"}],"replies":[{"embeddable":true,"href":"https:\/\/sicomaq.com.ec\/index.php?rest_route=%2Fwp%2Fv2%2Fcomments&post=16031"}],"version-history":[{"count":0,"href":"https:\/\/sicomaq.com.ec\/index.php?rest_route=\/wp\/v2\/product\/16031\/revisions"}],"wp:attachment":[{"href":"https:\/\/sicomaq.com.ec\/index.php?rest_route=%2Fwp%2Fv2%2Fmedia&parent=16031"}],"wp:term":[{"taxonomy":"product_brand","embeddable":true,"href":"https:\/\/sicomaq.com.ec\/index.php?rest_route=%2Fwp%2Fv2%2Fproduct_brand&post=16031"},{"taxonomy":"product_cat","embeddable":true,"href":"https:\/\/sicomaq.com.ec\/index.php?rest_route=%2Fwp%2Fv2%2Fproduct_cat&post=16031"},{"taxonomy":"product_tag","embeddable":true,"href":"https:\/\/sicomaq.com.ec\/index.php?rest_route=%2Fwp%2Fv2%2Fproduct_tag&post=16031"}],"curies":[{"name":"wp","href":"https:\/\/api.w.org\/{rel}","templated":true}]}}