{"id":16032,"date":"2026-05-15T00:05:44","date_gmt":"2026-05-14T22:05:44","guid":{"rendered":"https:\/\/sicomaq.com.ec\/?product=impresora-tij-trusted-packing-solutions"},"modified":"2026-05-15T00:05:44","modified_gmt":"2026-05-14T22:05:44","slug":"impresora-tij-trusted-packing-solutions","status":"publish","type":"product","link":"https:\/\/sicomaq.com.ec\/?product=impresora-tij-trusted-packing-solutions","title":{"rendered":"Impresora TIJ Trusted Packing Solutions"},"content":{"rendered":"<p>Producto orientado a ampliar el portafolio de codificaci\u00f3n de la marca con una soluci\u00f3n de alta resoluci\u00f3n para informaci\u00f3n variable, lote, fecha y textos en empaques.<\/p>\n","protected":false},"excerpt":{"rendered":"<p>Equipo t\u00e9rmico inkjet para codificaci\u00f3n de cajas y etiquetas.<\/p>\n","protected":false},"featured_media":0,"comment_status":"open","ping_status":"closed","template":"","meta":[],"product_brand":[],"product_cat":[103],"product_tag":[79,104],"class_list":{"0":"post-16032","1":"product","2":"type-product","3":"status-publish","5":"product_cat-inkjet-trusted-packing-solutions","6":"product_tag-tij","7":"product_tag-trusted-packing-solutions","9":"first","10":"instock","11":"shipping-taxable","12":"product-type-simple"},"_links":{"self":[{"href":"https:\/\/sicomaq.com.ec\/index.php?rest_route=\/wp\/v2\/product\/16032","targetHints":{"allow":["GET"]}}],"collection":[{"href":"https:\/\/sicomaq.com.ec\/index.php?rest_route=\/wp\/v2\/product"}],"about":[{"href":"https:\/\/sicomaq.com.ec\/index.php?rest_route=\/wp\/v2\/types\/product"}],"replies":[{"embeddable":true,"href":"https:\/\/sicomaq.com.ec\/index.php?rest_route=%2Fwp%2Fv2%2Fcomments&post=16032"}],"version-history":[{"count":0,"href":"https:\/\/sicomaq.com.ec\/index.php?rest_route=\/wp\/v2\/product\/16032\/revisions"}],"wp:attachment":[{"href":"https:\/\/sicomaq.com.ec\/index.php?rest_route=%2Fwp%2Fv2%2Fmedia&parent=16032"}],"wp:term":[{"taxonomy":"product_brand","embeddable":true,"href":"https:\/\/sicomaq.com.ec\/index.php?rest_route=%2Fwp%2Fv2%2Fproduct_brand&post=16032"},{"taxonomy":"product_cat","embeddable":true,"href":"https:\/\/sicomaq.com.ec\/index.php?rest_route=%2Fwp%2Fv2%2Fproduct_cat&post=16032"},{"taxonomy":"product_tag","embeddable":true,"href":"https:\/\/sicomaq.com.ec\/index.php?rest_route=%2Fwp%2Fv2%2Fproduct_tag&post=16032"}],"curies":[{"name":"wp","href":"https:\/\/api.w.org\/{rel}","templated":true}]}}