{"id":16033,"date":"2026-05-15T00:05:53","date_gmt":"2026-05-14T22:05:53","guid":{"rendered":"https:\/\/sicomaq.com.ec\/?product=marcador-laser-trusted-packing-solutions"},"modified":"2026-05-15T00:05:53","modified_gmt":"2026-05-14T22:05:53","slug":"marcador-laser-trusted-packing-solutions","status":"publish","type":"product","link":"https:\/\/sicomaq.com.ec\/?product=marcador-laser-trusted-packing-solutions","title":{"rendered":"Marcador l\u00e1ser Trusted Packing Solutions"},"content":{"rendered":"<p>Soluci\u00f3n funcional para cat\u00e1logo inicial de la marca dentro del segmento de codificaci\u00f3n industrial, enfocada en marcaje permanente y trazabilidad.<\/p>\n","protected":false},"excerpt":{"rendered":"<p>Sistema l\u00e1ser para marcaje permanente en l\u00ednea.<\/p>\n","protected":false},"featured_media":0,"comment_status":"open","ping_status":"closed","template":"","meta":[],"product_brand":[],"product_cat":[103],"product_tag":[86,104],"class_list":{"0":"post-16033","1":"product","2":"type-product","3":"status-publish","5":"product_cat-inkjet-trusted-packing-solutions","6":"product_tag-laser","7":"product_tag-trusted-packing-solutions","9":"first","10":"instock","11":"shipping-taxable","12":"product-type-simple"},"_links":{"self":[{"href":"https:\/\/sicomaq.com.ec\/index.php?rest_route=\/wp\/v2\/product\/16033","targetHints":{"allow":["GET"]}}],"collection":[{"href":"https:\/\/sicomaq.com.ec\/index.php?rest_route=\/wp\/v2\/product"}],"about":[{"href":"https:\/\/sicomaq.com.ec\/index.php?rest_route=\/wp\/v2\/types\/product"}],"replies":[{"embeddable":true,"href":"https:\/\/sicomaq.com.ec\/index.php?rest_route=%2Fwp%2Fv2%2Fcomments&post=16033"}],"version-history":[{"count":0,"href":"https:\/\/sicomaq.com.ec\/index.php?rest_route=\/wp\/v2\/product\/16033\/revisions"}],"wp:attachment":[{"href":"https:\/\/sicomaq.com.ec\/index.php?rest_route=%2Fwp%2Fv2%2Fmedia&parent=16033"}],"wp:term":[{"taxonomy":"product_brand","embeddable":true,"href":"https:\/\/sicomaq.com.ec\/index.php?rest_route=%2Fwp%2Fv2%2Fproduct_brand&post=16033"},{"taxonomy":"product_cat","embeddable":true,"href":"https:\/\/sicomaq.com.ec\/index.php?rest_route=%2Fwp%2Fv2%2Fproduct_cat&post=16033"},{"taxonomy":"product_tag","embeddable":true,"href":"https:\/\/sicomaq.com.ec\/index.php?rest_route=%2Fwp%2Fv2%2Fproduct_tag&post=16033"}],"curies":[{"name":"wp","href":"https:\/\/api.w.org\/{rel}","templated":true}]}}