{"id":16036,"date":"2026-05-15T00:05:58","date_gmt":"2026-05-14T22:05:58","guid":{"rendered":"https:\/\/sicomaq.com.ec\/?product=balling-machine-menopac"},"modified":"2026-05-15T00:05:58","modified_gmt":"2026-05-14T22:05:58","slug":"balling-machine-menopac","status":"publish","type":"product","link":"https:\/\/sicomaq.com.ec\/?product=balling-machine-menopac","title":{"rendered":"Balling Machine Menopac"},"content":{"rendered":"<p>Menopac incluye balling machine dentro de su portafolio. Este producto permite ampliar la presencia de la marca en el cat\u00e1logo con una l\u00ednea diferenciada de empaque. Fuente: Menopac Our Products.<\/p>\n","protected":false},"excerpt":{"rendered":"<p>Equipo para compactaci\u00f3n o empaque especializado seg\u00fan aplicaci\u00f3n industrial.<\/p>\n","protected":false},"featured_media":0,"comment_status":"open","ping_status":"closed","template":"","meta":[],"product_brand":[],"product_cat":[122],"product_tag":[197,123],"class_list":{"0":"post-16036","1":"product","2":"type-product","3":"status-publish","5":"product_cat-menopac","6":"product_tag-balling-machine","7":"product_tag-menopac","9":"first","10":"instock","11":"shipping-taxable","12":"product-type-simple"},"_links":{"self":[{"href":"https:\/\/sicomaq.com.ec\/index.php?rest_route=\/wp\/v2\/product\/16036","targetHints":{"allow":["GET"]}}],"collection":[{"href":"https:\/\/sicomaq.com.ec\/index.php?rest_route=\/wp\/v2\/product"}],"about":[{"href":"https:\/\/sicomaq.com.ec\/index.php?rest_route=\/wp\/v2\/types\/product"}],"replies":[{"embeddable":true,"href":"https:\/\/sicomaq.com.ec\/index.php?rest_route=%2Fwp%2Fv2%2Fcomments&post=16036"}],"version-history":[{"count":0,"href":"https:\/\/sicomaq.com.ec\/index.php?rest_route=\/wp\/v2\/product\/16036\/revisions"}],"wp:attachment":[{"href":"https:\/\/sicomaq.com.ec\/index.php?rest_route=%2Fwp%2Fv2%2Fmedia&parent=16036"}],"wp:term":[{"taxonomy":"product_brand","embeddable":true,"href":"https:\/\/sicomaq.com.ec\/index.php?rest_route=%2Fwp%2Fv2%2Fproduct_brand&post=16036"},{"taxonomy":"product_cat","embeddable":true,"href":"https:\/\/sicomaq.com.ec\/index.php?rest_route=%2Fwp%2Fv2%2Fproduct_cat&post=16036"},{"taxonomy":"product_tag","embeddable":true,"href":"https:\/\/sicomaq.com.ec\/index.php?rest_route=%2Fwp%2Fv2%2Fproduct_tag&post=16036"}],"curies":[{"name":"wp","href":"https:\/\/api.w.org\/{rel}","templated":true}]}}