{"id":16037,"date":"2026-05-15T00:05:59","date_gmt":"2026-05-14T22:05:59","guid":{"rendered":"https:\/\/sicomaq.com.ec\/?product=advanced-line-menopac"},"modified":"2026-05-15T00:05:59","modified_gmt":"2026-05-14T22:05:59","slug":"advanced-line-menopac","status":"publish","type":"product","link":"https:\/\/sicomaq.com.ec\/?product=advanced-line-menopac","title":{"rendered":"Advanced Line Menopac"},"content":{"rendered":"<p>Menopac se\u00f1ala que Advanced Line es una l\u00ednea de empaque vertical donde los paquetes se forman desde una bobina pl\u00e1stica, \u00fatil para automatizar procesos de empaque flexible. Fuente: Menopac Advanced Line.<\/p>\n","protected":false},"excerpt":{"rendered":"<p>L\u00ednea vertical de empaque formada desde bobina pl\u00e1stica.<\/p>\n","protected":false},"featured_media":0,"comment_status":"open","ping_status":"closed","template":"","meta":[],"product_brand":[],"product_cat":[122],"product_tag":[198,123,199],"class_list":{"0":"post-16037","1":"product","2":"type-product","3":"status-publish","5":"product_cat-menopac","6":"product_tag-advanced-line","7":"product_tag-menopac","8":"product_tag-vertical","10":"first","11":"instock","12":"shipping-taxable","13":"product-type-simple"},"_links":{"self":[{"href":"https:\/\/sicomaq.com.ec\/index.php?rest_route=\/wp\/v2\/product\/16037","targetHints":{"allow":["GET"]}}],"collection":[{"href":"https:\/\/sicomaq.com.ec\/index.php?rest_route=\/wp\/v2\/product"}],"about":[{"href":"https:\/\/sicomaq.com.ec\/index.php?rest_route=\/wp\/v2\/types\/product"}],"replies":[{"embeddable":true,"href":"https:\/\/sicomaq.com.ec\/index.php?rest_route=%2Fwp%2Fv2%2Fcomments&post=16037"}],"version-history":[{"count":0,"href":"https:\/\/sicomaq.com.ec\/index.php?rest_route=\/wp\/v2\/product\/16037\/revisions"}],"wp:attachment":[{"href":"https:\/\/sicomaq.com.ec\/index.php?rest_route=%2Fwp%2Fv2%2Fmedia&parent=16037"}],"wp:term":[{"taxonomy":"product_brand","embeddable":true,"href":"https:\/\/sicomaq.com.ec\/index.php?rest_route=%2Fwp%2Fv2%2Fproduct_brand&post=16037"},{"taxonomy":"product_cat","embeddable":true,"href":"https:\/\/sicomaq.com.ec\/index.php?rest_route=%2Fwp%2Fv2%2Fproduct_cat&post=16037"},{"taxonomy":"product_tag","embeddable":true,"href":"https:\/\/sicomaq.com.ec\/index.php?rest_route=%2Fwp%2Fv2%2Fproduct_tag&post=16037"}],"curies":[{"name":"wp","href":"https:\/\/api.w.org\/{rel}","templated":true}]}}