{"id":16039,"date":"2026-05-15T00:06:00","date_gmt":"2026-05-14T22:06:00","guid":{"rendered":"https:\/\/sicomaq.com.ec\/?product=sachet-line-menopac"},"modified":"2026-05-15T00:06:00","modified_gmt":"2026-05-14T22:06:00","slug":"sachet-line-menopac","status":"publish","type":"product","link":"https:\/\/sicomaq.com.ec\/?product=sachet-line-menopac","title":{"rendered":"Sachet Line Menopac"},"content":{"rendered":"<p>Producto estructurado desde la l\u00ednea de soluciones Menopac para empaque flexible en formato sachet, orientado a automatizaci\u00f3n y presentaci\u00f3n comercial. Fuente: Menopac Our Products.<\/p>\n","protected":false},"excerpt":{"rendered":"<p>L\u00ednea para producci\u00f3n y empaque de sobres o sachets.<\/p>\n","protected":false},"featured_media":0,"comment_status":"open","ping_status":"closed","template":"","meta":[],"product_brand":[],"product_cat":[122],"product_tag":[123,202],"class_list":{"0":"post-16039","1":"product","2":"type-product","3":"status-publish","5":"product_cat-menopac","6":"product_tag-menopac","7":"product_tag-sachet-line","9":"first","10":"instock","11":"shipping-taxable","12":"product-type-simple"},"_links":{"self":[{"href":"https:\/\/sicomaq.com.ec\/index.php?rest_route=\/wp\/v2\/product\/16039","targetHints":{"allow":["GET"]}}],"collection":[{"href":"https:\/\/sicomaq.com.ec\/index.php?rest_route=\/wp\/v2\/product"}],"about":[{"href":"https:\/\/sicomaq.com.ec\/index.php?rest_route=\/wp\/v2\/types\/product"}],"replies":[{"embeddable":true,"href":"https:\/\/sicomaq.com.ec\/index.php?rest_route=%2Fwp%2Fv2%2Fcomments&post=16039"}],"version-history":[{"count":0,"href":"https:\/\/sicomaq.com.ec\/index.php?rest_route=\/wp\/v2\/product\/16039\/revisions"}],"wp:attachment":[{"href":"https:\/\/sicomaq.com.ec\/index.php?rest_route=%2Fwp%2Fv2%2Fmedia&parent=16039"}],"wp:term":[{"taxonomy":"product_brand","embeddable":true,"href":"https:\/\/sicomaq.com.ec\/index.php?rest_route=%2Fwp%2Fv2%2Fproduct_brand&post=16039"},{"taxonomy":"product_cat","embeddable":true,"href":"https:\/\/sicomaq.com.ec\/index.php?rest_route=%2Fwp%2Fv2%2Fproduct_cat&post=16039"},{"taxonomy":"product_tag","embeddable":true,"href":"https:\/\/sicomaq.com.ec\/index.php?rest_route=%2Fwp%2Fv2%2Fproduct_tag&post=16039"}],"curies":[{"name":"wp","href":"https:\/\/api.w.org\/{rel}","templated":true}]}}